{"id":24,"date":"2024-02-11T04:27:03","date_gmt":"2024-02-11T04:27:03","guid":{"rendered":"https:\/\/relaunch.jalgrattakeskus.ee\/?page_id=24"},"modified":"2025-09-12T16:53:02","modified_gmt":"2025-09-12T13:53:02","slug":"kontakt","status":"publish","type":"page","link":"https:\/\/jalgrattakeskus.ee\/en\/kontakt\/","title":{"rendered":"Kontakt &#8211; P\u00f5ltsamaa Jalgrattakeskus"},"content":{"rendered":"<div data-elementor-type=\"wp-page\" data-elementor-id=\"24\" class=\"elementor elementor-24\" data-elementor-post-type=\"page\">\n\t\t\t\t\t\t<div class=\"elementor-section elementor-top-section elementor-element elementor-element-eab3b81 elementor-section-full_width elementor-section-height-default elementor-section-height-default\" data-id=\"eab3b81\" data-element_type=\"section\" data-e-type=\"section\">\n\t\t\t\t\t\t<div class=\"elementor-container elementor-column-gap-no\">\n\t\t\t\t\t<div class=\"elementor-column elementor-col-100 elementor-top-column elementor-element elementor-element-4c916ca\" data-id=\"4c916ca\" data-element_type=\"column\" data-e-type=\"column\">\n\t\t\t<div class=\"elementor-widget-wrap elementor-element-populated\">\n\t\t\t\t\t\t<div class=\"elementor-element elementor-element-a76a857 elementor-widget elementor-widget-Eura_Contact\" data-id=\"a76a857\" data-element_type=\"widget\" data-e-type=\"widget\" data-widget_type=\"Eura_Contact.default\">\n\t\t\t\t<div class=\"elementor-widget-container\">\n\t\t\t\t\t\r\n        <!-- Contact Section start -->\r\n        <div class=\"container ptb-150\">\r\n            <div class=\"row\">\r\n                <div class=\"col-xxl-8 col-lg-7 pe-xxl-3\">\r\n                    <div class=\"contact-box style-one\">\r\n                        <div class=\"section-title\">\r\n                                                            <h2 class=\"mb-30\">Contact us<\/h2>\r\n                                                    <\/div>\r\n                        <div class=\"contact-form\">\r\n                            \n<div class=\"wpcf7 no-js\" id=\"wpcf7-f342-o1\" lang=\"en-US\" dir=\"ltr\" data-wpcf7-id=\"342\">\n<div class=\"screen-reader-response\"><p role=\"status\" aria-live=\"polite\" aria-atomic=\"true\"><\/p> <ul><\/ul><\/div>\n<form action=\"\/en\/wp-json\/wp\/v2\/pages\/24#wpcf7-f342-o1\" method=\"post\" class=\"wpcf7-form init\" aria-label=\"Contact form\" novalidate=\"novalidate\" data-status=\"init\" data-trp-original-action=\"\/en\/wp-json\/wp\/v2\/pages\/24#wpcf7-f342-o1\">\n<fieldset class=\"hidden-fields-container\"><input type=\"hidden\" name=\"_wpcf7\" value=\"342\" \/><input type=\"hidden\" name=\"_wpcf7_version\" value=\"6.1.5\" \/><input type=\"hidden\" name=\"_wpcf7_locale\" value=\"en_US\" \/><input type=\"hidden\" name=\"_wpcf7_unit_tag\" value=\"wpcf7-f342-o1\" \/><input type=\"hidden\" name=\"_wpcf7_container_post\" value=\"0\" \/><input type=\"hidden\" name=\"_wpcf7_posted_data_hash\" value=\"\" \/>\n<\/fieldset>\n<div class=\"row\">\n\t<div class=\"col-md-6\">\n\t\t<div class=\"form-group\">\n\t\t\t<p><label class=\"text-title fw-medium\">Your Name<\/label><br \/>\n<span class=\"wpcf7-form-control-wrap\" data-name=\"your-name\"><input size=\"40\" maxlength=\"400\" class=\"wpcf7-form-control wpcf7-text wpcf7-validates-as-required form-control\" aria-required=\"true\" aria-invalid=\"false\" placeholder=\"Enter your name\" value=\"\" type=\"text\" name=\"your-name\" \/><\/span>\n\t\t\t<\/p>\n\t\t<\/div>\n\t<\/div>\n\t<div class=\"col-md-6\">\n\t\t<div class=\"form-group\">\n\t\t\t<p><label class=\"text-title fw-medium\">Email Address<\/label><br \/>\n<span class=\"wpcf7-form-control-wrap\" data-name=\"mail\"><input size=\"40\" maxlength=\"400\" class=\"wpcf7-form-control wpcf7-email wpcf7-validates-as-required wpcf7-text wpcf7-validates-as-email form-control\" aria-required=\"true\" aria-invalid=\"false\" placeholder=\"Enter your email\" value=\"\" type=\"email\" name=\"mail\" \/><\/span>\n\t\t\t<\/p>\n\t\t<\/div>\n\t<\/div>\n\t<div class=\"col-md-6\">\n\t\t<div class=\"form-group\">\n\t\t\t<p><label class=\"text-title fw-medium\">Your Phone Number<\/label><br \/>\n<span class=\"wpcf7-form-control-wrap\" data-name=\"number\"><input size=\"40\" maxlength=\"400\" class=\"wpcf7-form-control wpcf7-tel wpcf7-validates-as-required wpcf7-text wpcf7-validates-as-tel form-control\" aria-required=\"true\" aria-invalid=\"false\" placeholder=\"Enter your phone\" value=\"\" type=\"tel\" name=\"number\" \/><\/span>\n\t\t\t<\/p>\n\t\t<\/div>\n\t<\/div>\n\t<div class=\"col-md-6\">\n\t\t<div class=\"form-group\">\n\t\t\t<p><label class=\"text-title fw-medium\">Company Name<\/label><br \/>\n<span class=\"wpcf7-form-control-wrap\" data-name=\"comp_name\"><input size=\"40\" maxlength=\"400\" class=\"wpcf7-form-control wpcf7-text wpcf7-validates-as-required form-control\" aria-required=\"true\" aria-invalid=\"false\" placeholder=\"Your company name\" value=\"\" type=\"text\" name=\"comp_name\" \/><\/span>\n\t\t\t<\/p>\n\t\t<\/div>\n\t<\/div>\n\t<div class=\"col-lg-12\">\n\t\t<div class=\"form-group\">\n\t\t\t<p><label class=\"text-title fw-medium\">Your Message<\/label><br \/>\n<span class=\"wpcf7-form-control-wrap\" data-name=\"messages\"><textarea cols=\"40\" rows=\"10\" maxlength=\"2000\" class=\"wpcf7-form-control wpcf7-textarea wpcf7-validates-as-required form-control\" aria-required=\"true\" aria-invalid=\"false\" placeholder=\"I&#039;m looking for....\" name=\"messages\"><\/textarea><\/span>\n\t\t\t<\/p>\n\t\t<\/div>\n\t<\/div>\n\t<div class=\"col-md-12\">\n\t\t<div class=\"form-group inputbox\">\n\t\t\t<p><span class=\"wpcf7-form-control-wrap\" data-name=\"privacy\"><span class=\"wpcf7-form-control wpcf7-acceptance\"><span class=\"wpcf7-list-item\"><label><input type=\"checkbox\" name=\"privacy\" value=\"1\" aria-invalid=\"false\" \/><span class=\"wpcf7-list-item-label\">I agree to the <a href=\"https:\/\/jalgrattakeskus.ee\/en\/terms-conditions\/\" target=\"_blank\">Terms & Conditions<\/a> and <a href=\"https:\/\/jalgrattakeskus.ee\/en\/privacy-policy\/\" target=\"_blank\">Privacy Policy<\/a>.<\/span><\/label><\/span><\/span><\/span>\n\t\t\t<\/p>\n\t\t<\/div>\n\t<\/div>\n\t<div class=\"col-md-12\">\n\t\t<div class=\"form-group\">\n\t\t<div class=\"wpcf7-turnstile cf-turnstile\" data-sitekey=\"0x4AAAAAAB21_S11F7n-ysuZ\" data-response-field-name=\"_wpcf7_turnstile_response\"><\/div>\n\t\t<\/div>\n\t<\/div>\n\t<div class=\"col-md-12\">\n\t\t<p><button class=\"btn style-one\" type=\"submit\"><br \/>\nSubmit Message <i class=\"ri-arrow-right-line\"><\/i><br \/>\n<\/button>\n\t\t<\/p>\n\t<\/div>\n<\/div><div class=\"wpcf7-response-output\" aria-hidden=\"true\"><\/div>\n<input type=\"hidden\" name=\"trp-form-language\" value=\"en\"\/><\/form>\n<\/div>\n                        <\/div>\r\n                    <\/div>\r\n                <\/div>\r\n                <div class=\"col-xxl-4 col-lg-5\">\r\n                    <div class=\"contact-info-wrap\">\r\n                        <div class=\"section-title mb-30\">\r\n                                                            <h2 class=\"mb-15\">Get in touch<\/h2>\r\n                                                                                        <p class=\"mb-0 translation-block\">Welcome to the <strong class=\"text-title\">Cycling Center<\/strong>, the place where your bike journey begins! As enthusiastic cyclists ourselves, we understand the joy and freedom that come from pedaling.<\/p>\r\n                                                    <\/div>\r\n                        <div class=\"contact-item-wrap\">\r\n                            <div class=\"contact-item\">\r\n                                                                    <h2>\r\n                                        <span class=\"d-flex flex-column align-items-center justify-content-center rounded-circle\">\r\n                                                                                            <i class=\"ri-phone-fill\"><\/i>\r\n                                             \r\n                                        <\/span>\r\n                                        Call us:                                    <\/h2>\r\n                                 \r\n                                <ul class=\"list-unstyle\">\r\n                                    <li class=\"position-relative fw-bold\"><a href=\"tel:+37255580110\">+37255580110<\/a><\/li>\r\n                                    <li class=\"position-relative fw-bold\"><a href=\"tel:\"><\/a><\/li>\r\n                                <\/ul>\r\n                            <\/div>\r\n                            <div class=\"contact-item\">\r\n                                                                    <h2>\r\n                                        <span class=\"d-flex flex-column align-items-center justify-content-center rounded-circle\">\r\n                                                                                            <i class=\"ri-message-2-fill\"><\/i>\r\n                                                                                    <\/span>\r\n                                        Send Mail:                                    <\/h2>\r\n                                 \r\n                                <ul class=\"list-unstyle\">\r\n                                    <li class=\"position-relative fw-bold\"><a href=\"mailto:info@jalgrattakeskus.ee\">info@jalgrattakeskus.ee<\/a><\/li>\r\n                                    <li class=\"position-relative fw-bold\"><a href=\"mailto:shop@jalgrattakeskus.ee\">shop@jalgrattakeskus.ee<\/a><\/li>\r\n                                <\/ul>\r\n                            <\/div>\r\n                            <div class=\"contact-item\">\r\n                                                                    <h2>\r\n                                        <span class=\"d-flex flex-column align-items-center justify-content-center rounded-circle\">\r\n                                                                                            <i class=\"ri-map-pin-fill\"><\/i>\r\n                                                                                    <\/span>\r\n                                        Our location:                                    <\/h2>\r\n                                 \r\n                                <p class=\"mb-0 text-title fw-bold\">Kesk tn 1, P\u00f5ltsamaa, 48105 J\u00f5geva maakond - Estonia<\/p>\r\n                            <\/div>\r\n                        <\/div>\r\n                    <\/div>\r\n                <\/div>\r\n            <\/div>\r\n        <\/div>\r\n        <!-- Contact Section end -->\r\n\r\n        <!-- Map area start -->\r\n                    <div class=\"comp-map pb-150\">\r\n                <iframe\r\n                    src=\"https:\/\/www.google.com\/maps\/embed?pb=!1m18!1m12!1m3!1d2075.5594634690115!2d25.975562177236277!3d58.6533907649418!2m3!1f0!2f0!3f0!3m2!1i1024!2i768!4f13.1!3m3!1m2!1s0x46ecab62714c640d%3A0x14c4b65bc1adfa3b!2sP%C3%B5ltsamaa%20Jalgrattakeskus!5e0!3m2!1sit!2see!4v1757408320159!5m2!1sit!2see\" width=\"600\" height=\"450\" style=\"border:0;\" allowfullscreen=\"\" loading=\"lazy\" referrerpolicy=\"no-referrer-when-downgrade\">\r\n                <\/iframe>\r\n            <\/div>\r\n                <!-- Map area end -->\r\n\r\n        \t\t\t\t<\/div>\n\t\t\t\t<\/div>\n\t\t\t\t\t<\/div>\n\t\t<\/div>\n\t\t\t\t\t<\/div>\n\t\t<\/div>\n\t\t\t\t<\/div>","protected":false},"excerpt":{"rendered":"<p>Kontaktige meid Your Name Email Address Your Phone Address Company Name Your Message I agree to the Terms &amp; Conditions and Privacy Policy Submit Message V\u00f5ta \u00fchendust Tere tulemast jalgrattakeskus, kohta, kus teie jalgrattareis algab! Kuna me oleme ise entusiastlikud jalgratturid, m\u00f5istame r\u00f5\u00f5mu ja vabadust, mis tuleb pedaalimisest. Helista meile: +37255580110 Send Mail: info@jalgrattakeskus.ee shop@jalgrattakeskus.ee <\/p>","protected":false},"author":1,"featured_media":0,"parent":0,"menu_order":0,"comment_status":"closed","ping_status":"closed","template":"","meta":{"_acf_changed":false,"footnotes":""},"class_list":["post-24","page","type-page","status-publish","hentry"],"acf":[],"yoast_head":"<!-- This site is optimized with the Yoast SEO plugin v27.5 - https:\/\/yoast.com\/product\/yoast-seo-wordpress\/ -->\n<title>Kontakt | P\u00f5ltsamaa Jalgrattakeskus | Tel 5558 0110<\/title>\n<meta name=\"description\" content=\"V\u00f5ta \u00fchendust P\u00f5ltsamaa Jalgrattakeskusega \u2013 Kesk 1, 48105 P\u00f5ltsamaa. Tel 5558 0110, info@jalgrattakeskus.ee. Avatud E\u2013R 9\u201318, L 9\u201315.\" \/>\n<meta name=\"robots\" content=\"index, follow, max-snippet:-1, max-image-preview:large, max-video-preview:-1\" \/>\n<link rel=\"canonical\" href=\"https:\/\/jalgrattakeskus.ee\/en\/kontakt\/\" \/>\n<meta property=\"og:locale\" content=\"en_GB\" \/>\n<meta property=\"og:type\" content=\"article\" \/>\n<meta property=\"og:title\" content=\"Kontakt | P\u00f5ltsamaa Jalgrattakeskus | Tel 5558 0110\" \/>\n<meta property=\"og:description\" content=\"V\u00f5ta \u00fchendust P\u00f5ltsamaa Jalgrattakeskusega \u2013 Kesk 1, 48105 P\u00f5ltsamaa. Tel 5558 0110, info@jalgrattakeskus.ee. Avatud E\u2013R 9\u201318, L 9\u201315.\" \/>\n<meta property=\"og:url\" content=\"https:\/\/jalgrattakeskus.ee\/en\/kontakt\/\" \/>\n<meta property=\"og:site_name\" content=\"P\u00f5ltsamaa Jalgrattakeskus\" \/>\n<meta property=\"article:publisher\" content=\"https:\/\/www.facebook.com\/Jalgrattakeskus\/\" \/>\n<meta property=\"article:modified_time\" content=\"2025-09-12T13:53:02+00:00\" \/>\n<meta name=\"twitter:card\" content=\"summary_large_image\" \/>\n<meta name=\"twitter:label1\" content=\"Estimated reading time\" \/>\n\t<meta name=\"twitter:data1\" content=\"1 minute\" \/>\n<script type=\"application\/ld+json\" class=\"yoast-schema-graph\">{\"@context\":\"https:\\\/\\\/schema.org\",\"@graph\":[{\"@type\":\"WebPage\",\"@id\":\"https:\\\/\\\/jalgrattakeskus.ee\\\/kontakt\\\/\",\"url\":\"https:\\\/\\\/jalgrattakeskus.ee\\\/kontakt\\\/\",\"name\":\"Kontakt | P\u00f5ltsamaa Jalgrattakeskus | Tel 5558 0110\",\"isPartOf\":{\"@id\":\"https:\\\/\\\/jalgrattakeskus.ee\\\/en\\\/#website\"},\"datePublished\":\"2024-02-11T04:27:03+00:00\",\"dateModified\":\"2025-09-12T13:53:02+00:00\",\"description\":\"V\u00f5ta \u00fchendust P\u00f5ltsamaa Jalgrattakeskusega \u2013 Kesk 1, 48105 P\u00f5ltsamaa. Tel 5558 0110, info@jalgrattakeskus.ee. Avatud E\u2013R 9\u201318, L 9\u201315.\",\"breadcrumb\":{\"@id\":\"https:\\\/\\\/jalgrattakeskus.ee\\\/kontakt\\\/#breadcrumb\"},\"inLanguage\":\"en-GB\",\"potentialAction\":[{\"@type\":\"ReadAction\",\"target\":[\"https:\\\/\\\/jalgrattakeskus.ee\\\/kontakt\\\/\"]}]},{\"@type\":\"BreadcrumbList\",\"@id\":\"https:\\\/\\\/jalgrattakeskus.ee\\\/kontakt\\\/#breadcrumb\",\"itemListElement\":[{\"@type\":\"ListItem\",\"position\":1,\"name\":\"Home\",\"item\":\"https:\\\/\\\/jalgrattakeskus.ee\\\/en\\\/\"},{\"@type\":\"ListItem\",\"position\":2,\"name\":\"Kontakt &#8211; P\u00f5ltsamaa Jalgrattakeskus\"}]},{\"@type\":\"WebSite\",\"@id\":\"https:\\\/\\\/jalgrattakeskus.ee\\\/en\\\/#website\",\"url\":\"https:\\\/\\\/jalgrattakeskus.ee\\\/en\\\/\",\"name\":\"P\u00f5ltsamaa Jalgrattakeskus\",\"description\":\"Parem rattapood Kesk-Eestis\",\"publisher\":{\"@id\":\"https:\\\/\\\/jalgrattakeskus.ee\\\/en\\\/#organization\"},\"potentialAction\":[{\"@type\":\"SearchAction\",\"target\":{\"@type\":\"EntryPoint\",\"urlTemplate\":\"https:\\\/\\\/jalgrattakeskus.ee\\\/en\\\/?s={search_term_string}\"},\"query-input\":{\"@type\":\"PropertyValueSpecification\",\"valueRequired\":true,\"valueName\":\"search_term_string\"}}],\"inLanguage\":\"en-GB\"},{\"@type\":\"Organization\",\"@id\":\"https:\\\/\\\/jalgrattakeskus.ee\\\/en\\\/#organization\",\"name\":\"P\u00f5ltsamaa Jalgrattakeskus\",\"url\":\"https:\\\/\\\/jalgrattakeskus.ee\\\/en\\\/\",\"logo\":{\"@type\":\"ImageObject\",\"inLanguage\":\"en-GB\",\"@id\":\"https:\\\/\\\/jalgrattakeskus.ee\\\/en\\\/#\\\/schema\\\/logo\\\/image\\\/\",\"url\":\"https:\\\/\\\/jalgrattakeskus.ee\\\/wp-content\\\/uploads\\\/2025\\\/09\\\/cropped-Logo-2.png\",\"contentUrl\":\"https:\\\/\\\/jalgrattakeskus.ee\\\/wp-content\\\/uploads\\\/2025\\\/09\\\/cropped-Logo-2.png\",\"width\":512,\"height\":512,\"caption\":\"P\u00f5ltsamaa Jalgrattakeskus\"},\"image\":{\"@id\":\"https:\\\/\\\/jalgrattakeskus.ee\\\/en\\\/#\\\/schema\\\/logo\\\/image\\\/\"},\"sameAs\":[\"https:\\\/\\\/www.facebook.com\\\/Jalgrattakeskus\\\/\"]}]}<\/script>\n<!-- \/ Yoast SEO plugin. -->","yoast_head_json":{"title":"Kontakt | P\u00f5ltsamaa Jalgrattakeskus | Tel 5558 0110","description":"V\u00f5ta \u00fchendust P\u00f5ltsamaa Jalgrattakeskusega \u2013 Kesk 1, 48105 P\u00f5ltsamaa. Tel 5558 0110, info@jalgrattakeskus.ee. Avatud E\u2013R 9\u201318, L 9\u201315.","robots":{"index":"index","follow":"follow","max-snippet":"max-snippet:-1","max-image-preview":"max-image-preview:large","max-video-preview":"max-video-preview:-1"},"canonical":"https:\/\/jalgrattakeskus.ee\/en\/kontakt\/","og_locale":"en_GB","og_type":"article","og_title":"Kontakt | P\u00f5ltsamaa Jalgrattakeskus | Tel 5558 0110","og_description":"V\u00f5ta \u00fchendust P\u00f5ltsamaa Jalgrattakeskusega \u2013 Kesk 1, 48105 P\u00f5ltsamaa. Tel 5558 0110, info@jalgrattakeskus.ee. Avatud E\u2013R 9\u201318, L 9\u201315.","og_url":"https:\/\/jalgrattakeskus.ee\/en\/kontakt\/","og_site_name":"P\u00f5ltsamaa Jalgrattakeskus","article_publisher":"https:\/\/www.facebook.com\/Jalgrattakeskus\/","article_modified_time":"2025-09-12T13:53:02+00:00","twitter_card":"summary_large_image","twitter_misc":{"Estimated reading time":"1 minute"},"schema":{"@context":"https:\/\/schema.org","@graph":[{"@type":"WebPage","@id":"https:\/\/jalgrattakeskus.ee\/kontakt\/","url":"https:\/\/jalgrattakeskus.ee\/kontakt\/","name":"Kontakt | P\u00f5ltsamaa Jalgrattakeskus | Tel 5558 0110","isPartOf":{"@id":"https:\/\/jalgrattakeskus.ee\/en\/#website"},"datePublished":"2024-02-11T04:27:03+00:00","dateModified":"2025-09-12T13:53:02+00:00","description":"V\u00f5ta \u00fchendust P\u00f5ltsamaa Jalgrattakeskusega \u2013 Kesk 1, 48105 P\u00f5ltsamaa. Tel 5558 0110, info@jalgrattakeskus.ee. Avatud E\u2013R 9\u201318, L 9\u201315.","breadcrumb":{"@id":"https:\/\/jalgrattakeskus.ee\/kontakt\/#breadcrumb"},"inLanguage":"en-GB","potentialAction":[{"@type":"ReadAction","target":["https:\/\/jalgrattakeskus.ee\/kontakt\/"]}]},{"@type":"BreadcrumbList","@id":"https:\/\/jalgrattakeskus.ee\/kontakt\/#breadcrumb","itemListElement":[{"@type":"ListItem","position":1,"name":"Home","item":"https:\/\/jalgrattakeskus.ee\/en\/"},{"@type":"ListItem","position":2,"name":"Kontakt &#8211; P\u00f5ltsamaa Jalgrattakeskus"}]},{"@type":"WebSite","@id":"https:\/\/jalgrattakeskus.ee\/en\/#website","url":"https:\/\/jalgrattakeskus.ee\/en\/","name":"P\u00f5ltsamaa Jalgrattakeskus","description":"Parem rattapood Kesk-Eestis","publisher":{"@id":"https:\/\/jalgrattakeskus.ee\/en\/#organization"},"potentialAction":[{"@type":"SearchAction","target":{"@type":"EntryPoint","urlTemplate":"https:\/\/jalgrattakeskus.ee\/en\/?s={search_term_string}"},"query-input":{"@type":"PropertyValueSpecification","valueRequired":true,"valueName":"search_term_string"}}],"inLanguage":"en-GB"},{"@type":"Organization","@id":"https:\/\/jalgrattakeskus.ee\/en\/#organization","name":"P\u00f5ltsamaa Jalgrattakeskus","url":"https:\/\/jalgrattakeskus.ee\/en\/","logo":{"@type":"ImageObject","inLanguage":"en-GB","@id":"https:\/\/jalgrattakeskus.ee\/en\/#\/schema\/logo\/image\/","url":"https:\/\/jalgrattakeskus.ee\/wp-content\/uploads\/2025\/09\/cropped-Logo-2.png","contentUrl":"https:\/\/jalgrattakeskus.ee\/wp-content\/uploads\/2025\/09\/cropped-Logo-2.png","width":512,"height":512,"caption":"P\u00f5ltsamaa Jalgrattakeskus"},"image":{"@id":"https:\/\/jalgrattakeskus.ee\/en\/#\/schema\/logo\/image\/"},"sameAs":["https:\/\/www.facebook.com\/Jalgrattakeskus\/"]}]}},"_links":{"self":[{"href":"https:\/\/jalgrattakeskus.ee\/en\/wp-json\/wp\/v2\/pages\/24","targetHints":{"allow":["GET"]}}],"collection":[{"href":"https:\/\/jalgrattakeskus.ee\/en\/wp-json\/wp\/v2\/pages"}],"about":[{"href":"https:\/\/jalgrattakeskus.ee\/en\/wp-json\/wp\/v2\/types\/page"}],"author":[{"embeddable":true,"href":"https:\/\/jalgrattakeskus.ee\/en\/wp-json\/wp\/v2\/users\/1"}],"replies":[{"embeddable":true,"href":"https:\/\/jalgrattakeskus.ee\/en\/wp-json\/wp\/v2\/comments?post=24"}],"version-history":[{"count":5,"href":"https:\/\/jalgrattakeskus.ee\/en\/wp-json\/wp\/v2\/pages\/24\/revisions"}],"predecessor-version":[{"id":1642,"href":"https:\/\/jalgrattakeskus.ee\/en\/wp-json\/wp\/v2\/pages\/24\/revisions\/1642"}],"wp:attachment":[{"href":"https:\/\/jalgrattakeskus.ee\/en\/wp-json\/wp\/v2\/media?parent=24"}],"curies":[{"name":"wp","href":"https:\/\/api.w.org\/{rel}","templated":true}]}}